{"id":2,"date":"2025-12-24T05:57:34","date_gmt":"2025-12-24T05:57:34","guid":{"rendered":"http:\/\/healthymindbodyfuture.eu\/?page_id=2"},"modified":"2026-04-19T19:41:10","modified_gmt":"2026-04-19T19:41:10","slug":"sample-page","status":"publish","type":"page","link":"https:\/\/healthymindbodyfuture.eu\/","title":{"rendered":"O Nas"},"content":{"rendered":"\n<figure class=\"wp-block-image size-large\"><img loading=\"lazy\" decoding=\"async\" width=\"819\" height=\"1024\" src=\"https:\/\/healthymindbodyfuture.eu\/wp-content\/uploads\/2026\/04\/1-819x1024.png\" alt=\"\" class=\"wp-image-75\" srcset=\"https:\/\/healthymindbodyfuture.eu\/wp-content\/uploads\/2026\/04\/1-819x1024.png 819w, https:\/\/healthymindbodyfuture.eu\/wp-content\/uploads\/2026\/04\/1-240x300.png 240w, https:\/\/healthymindbodyfuture.eu\/wp-content\/uploads\/2026\/04\/1-768x960.png 768w, https:\/\/healthymindbodyfuture.eu\/wp-content\/uploads\/2026\/04\/1.png 1080w\" sizes=\"auto, (max-width: 819px) 100vw, 819px\" \/><\/figure>\n\n\n\n<h2 class=\"wp-block-heading\">Organizacje realizuj\u0105ce projekt:&nbsp;<\/h2>\n\n\n\n<h2 class=\"wp-block-heading is-style-default has-accent-2-background-color has-background\">Lider projektu:<\/h2>\n\n\n\n<div class=\"wp-block-media-text is-stacked-on-mobile\" style=\"grid-template-columns:31% auto\"><figure class=\"wp-block-media-text__media\"><img loading=\"lazy\" decoding=\"async\" width=\"156\" height=\"96\" src=\"https:\/\/healthymindbodyfuture.eu\/wp-content\/uploads\/2026\/01\/LOGO-FDD-2021-1.png\" alt=\"Fundacja Dobrych Dzia\u0142a\u0144\" class=\"wp-image-17 size-full\"\/><\/figure><div class=\"wp-block-media-text__content\">\n<p>Poland &#8211; Fundacja Dobrych Dzia\u0142a\u0144 &#8211;&nbsp;&nbsp;&nbsp;Good Actions Foundation<\/p>\n<\/div><\/div>\n\n\n\n<h2 class=\"wp-block-heading is-style-default has-accent-2-background-color has-background\">Partnerzy projektu:<\/h2>\n\n\n\n<div class=\"wp-block-media-text is-stacked-on-mobile\" style=\"grid-template-columns:35% auto\"><figure class=\"wp-block-media-text__media\"><img loading=\"lazy\" decoding=\"async\" width=\"258\" height=\"179\" src=\"https:\/\/healthymindbodyfuture.eu\/wp-content\/uploads\/2026\/01\/7b13f1_414e350bb3f349f49cd48fd684b392c8mv2.png\" alt=\"\" class=\"wp-image-33 size-full\"\/><\/figure><div class=\"wp-block-media-text__content\">\n<p>T\u00fcrkiye&nbsp;&#8211; ODAK E\u011fitim K\u00fclt\u00fcr ve Ara\u015ft\u0131rma Derne\u011fi<\/p>\n<\/div><\/div>\n\n\n\n<div class=\"wp-block-media-text is-stacked-on-mobile\" style=\"grid-template-columns:35% auto\"><figure class=\"wp-block-media-text__media\"><img loading=\"lazy\" decoding=\"async\" width=\"1024\" height=\"300\" src=\"https:\/\/healthymindbodyfuture.eu\/wp-content\/uploads\/2026\/04\/Logo-GULOCKA-3-1024x300.png\" alt=\"\" class=\"wp-image-73 size-full\" srcset=\"https:\/\/healthymindbodyfuture.eu\/wp-content\/uploads\/2026\/04\/Logo-GULOCKA-3-1024x300.png 1024w, https:\/\/healthymindbodyfuture.eu\/wp-content\/uploads\/2026\/04\/Logo-GULOCKA-3-300x88.png 300w, https:\/\/healthymindbodyfuture.eu\/wp-content\/uploads\/2026\/04\/Logo-GULOCKA-3-768x225.png 768w, https:\/\/healthymindbodyfuture.eu\/wp-content\/uploads\/2026\/04\/Logo-GULOCKA-3.png 1200w\" sizes=\"auto, (max-width: 1024px) 100vw, 1024px\" \/><\/figure><div class=\"wp-block-media-text__content\">\n<p>Slovakia &#8211;&nbsp;&nbsp;OZ Gulocka<\/p>\n<\/div><\/div>\n\n\n\n<h2 class=\"wp-block-heading is-style-default has-accent-2-background-color has-background\">Game plan:&nbsp;<\/h2>\n\n\n\n<h2 class=\"wp-block-heading\"><strong>03.2026<\/strong><\/h2>\n\n\n\n<p><a href=\"https:\/\/healthymindbodyfuture.eu\/harmony-mind-and-body-events\/\">Harmony: Mind and Body Events<\/a><\/p>\n\n\n\n<h2 class=\"wp-block-heading\"><strong>07.2026<\/strong><\/h2>\n\n\n\n<p><a href=\"https:\/\/healthymindbodyfuture.eu\/active-life-health-and-sports\/\">Active Life Health And Sports<\/a><\/p>\n\n\n\n<h2 class=\"wp-block-heading\"><strong>09.2026<\/strong><\/h2>\n\n\n\n<p><a href=\"https:\/\/healthymindbodyfuture.eu\/different-bodies-common-emotions\/\">Different Bodies Common Emotions<\/a><\/p>\n","protected":false},"excerpt":{"rendered":"<p>Organizacje realizuj\u0105ce projekt:&nbsp; Lider projektu: Poland &#8211; Fundacja Dobrych Dzia\u0142a\u0144 &#8211;&nbsp;&nbsp;&nbsp;Good Actions Foundation Partnerzy projektu: T\u00fcrkiye&nbsp;&#8211; ODAK E\u011fitim K\u00fclt\u00fcr ve Ara\u015ft\u0131rma Derne\u011fi Slovakia &#8211;&nbsp;&nbsp;OZ Gulocka Game plan:&nbsp; 03.2026 Harmony: Mind and Body Events 07.2026 Active Life Health And Sports 09.2026 Different Bodies Common Emotions<\/p>\n","protected":false},"author":1,"featured_media":0,"parent":0,"menu_order":0,"comment_status":"closed","ping_status":"open","template":"","meta":{"footnotes":""},"class_list":["post-2","page","type-page","status-publish","hentry"],"yoast_head":"<!-- This site is optimized with the Yoast SEO plugin v26.6 - https:\/\/yoast.com\/wordpress\/plugins\/seo\/ -->\n<title>O Nas - Healthy Mind, Body &amp; Future<\/title>\n<meta name=\"robots\" content=\"index, follow, max-snippet:-1, max-image-preview:large, max-video-preview:-1\" \/>\n<link rel=\"canonical\" href=\"https:\/\/healthymindbodyfuture.eu\/\" \/>\n<meta property=\"og:locale\" content=\"pl_PL\" \/>\n<meta property=\"og:type\" content=\"article\" \/>\n<meta property=\"og:title\" content=\"O Nas - Healthy Mind, Body &amp; Future\" \/>\n<meta property=\"og:description\" content=\"Organizacje realizuj\u0105ce projekt:&nbsp; Lider projektu: Poland &#8211; Fundacja Dobrych Dzia\u0142a\u0144 &#8211;&nbsp;&nbsp;&nbsp;Good Actions Foundation Partnerzy projektu: T\u00fcrkiye&nbsp;&#8211; ODAK E\u011fitim K\u00fclt\u00fcr ve Ara\u015ft\u0131rma Derne\u011fi Slovakia &#8211;&nbsp;&nbsp;OZ Gulocka Game plan:&nbsp; 03.2026 Harmony: Mind and Body Events 07.2026 Active Life Health And Sports 09.2026 Different Bodies Common Emotions\" \/>\n<meta property=\"og:url\" content=\"https:\/\/healthymindbodyfuture.eu\/\" \/>\n<meta property=\"og:site_name\" content=\"Healthy Mind, Body &amp; Future\" \/>\n<meta property=\"article:modified_time\" content=\"2026-04-19T19:41:10+00:00\" \/>\n<meta property=\"og:image\" content=\"https:\/\/healthymindbodyfuture.eu\/wp-content\/uploads\/2026\/04\/1.png\" \/>\n\t<meta property=\"og:image:width\" content=\"1080\" \/>\n\t<meta property=\"og:image:height\" content=\"1350\" \/>\n\t<meta property=\"og:image:type\" content=\"image\/png\" \/>\n<meta name=\"twitter:card\" content=\"summary_large_image\" \/>\n<meta name=\"twitter:label1\" content=\"Szacowany czas czytania\" \/>\n\t<meta name=\"twitter:data1\" content=\"2 minuty\" \/>\n<script type=\"application\/ld+json\" class=\"yoast-schema-graph\">{\"@context\":\"https:\/\/schema.org\",\"@graph\":[{\"@type\":\"WebPage\",\"@id\":\"https:\/\/healthymindbodyfuture.eu\/\",\"url\":\"https:\/\/healthymindbodyfuture.eu\/\",\"name\":\"O Nas - Healthy Mind, Body &amp; Future\",\"isPartOf\":{\"@id\":\"https:\/\/healthymindbodyfuture.eu\/#website\"},\"primaryImageOfPage\":{\"@id\":\"https:\/\/healthymindbodyfuture.eu\/#primaryimage\"},\"image\":{\"@id\":\"https:\/\/healthymindbodyfuture.eu\/#primaryimage\"},\"thumbnailUrl\":\"https:\/\/healthymindbodyfuture.eu\/wp-content\/uploads\/2026\/04\/1-819x1024.png\",\"datePublished\":\"2025-12-24T05:57:34+00:00\",\"dateModified\":\"2026-04-19T19:41:10+00:00\",\"breadcrumb\":{\"@id\":\"https:\/\/healthymindbodyfuture.eu\/#breadcrumb\"},\"inLanguage\":\"pl-PL\",\"potentialAction\":[{\"@type\":\"ReadAction\",\"target\":[\"https:\/\/healthymindbodyfuture.eu\/\"]}]},{\"@type\":\"ImageObject\",\"inLanguage\":\"pl-PL\",\"@id\":\"https:\/\/healthymindbodyfuture.eu\/#primaryimage\",\"url\":\"https:\/\/healthymindbodyfuture.eu\/wp-content\/uploads\/2026\/04\/1.png\",\"contentUrl\":\"https:\/\/healthymindbodyfuture.eu\/wp-content\/uploads\/2026\/04\/1.png\",\"width\":1080,\"height\":1350},{\"@type\":\"BreadcrumbList\",\"@id\":\"https:\/\/healthymindbodyfuture.eu\/#breadcrumb\",\"itemListElement\":[{\"@type\":\"ListItem\",\"position\":1,\"name\":\"Home\",\"item\":\"https:\/\/healthymindbodyfuture.eu\/\"},{\"@type\":\"ListItem\",\"position\":2,\"name\":\"O Nas\"}]},{\"@type\":\"WebSite\",\"@id\":\"https:\/\/healthymindbodyfuture.eu\/#website\",\"url\":\"https:\/\/healthymindbodyfuture.eu\/\",\"name\":\"Healthy Mind, Body &amp; Future\",\"description\":\"Healthy Mind Healthy Body Healthy Future\",\"publisher\":{\"@id\":\"https:\/\/healthymindbodyfuture.eu\/#organization\"},\"potentialAction\":[{\"@type\":\"SearchAction\",\"target\":{\"@type\":\"EntryPoint\",\"urlTemplate\":\"https:\/\/healthymindbodyfuture.eu\/?s={search_term_string}\"},\"query-input\":{\"@type\":\"PropertyValueSpecification\",\"valueRequired\":true,\"valueName\":\"search_term_string\"}}],\"inLanguage\":\"pl-PL\"},{\"@type\":\"Organization\",\"@id\":\"https:\/\/healthymindbodyfuture.eu\/#organization\",\"name\":\"Healthy Mind, Body &amp; Future\",\"url\":\"https:\/\/healthymindbodyfuture.eu\/\",\"logo\":{\"@type\":\"ImageObject\",\"inLanguage\":\"pl-PL\",\"@id\":\"https:\/\/healthymindbodyfuture.eu\/#\/schema\/logo\/image\/\",\"url\":\"https:\/\/healthymindbodyfuture.eu\/wp-content\/uploads\/2026\/04\/logo.png\",\"contentUrl\":\"https:\/\/healthymindbodyfuture.eu\/wp-content\/uploads\/2026\/04\/logo.png\",\"width\":1223,\"height\":1223,\"caption\":\"Healthy Mind, Body &amp; Future\"},\"image\":{\"@id\":\"https:\/\/healthymindbodyfuture.eu\/#\/schema\/logo\/image\/\"}}]}<\/script>\n<!-- \/ Yoast SEO plugin. -->","yoast_head_json":{"title":"O Nas - Healthy Mind, Body &amp; Future","robots":{"index":"index","follow":"follow","max-snippet":"max-snippet:-1","max-image-preview":"max-image-preview:large","max-video-preview":"max-video-preview:-1"},"canonical":"https:\/\/healthymindbodyfuture.eu\/","og_locale":"pl_PL","og_type":"article","og_title":"O Nas - Healthy Mind, Body &amp; Future","og_description":"Organizacje realizuj\u0105ce projekt:&nbsp; Lider projektu: Poland &#8211; Fundacja Dobrych Dzia\u0142a\u0144 &#8211;&nbsp;&nbsp;&nbsp;Good Actions Foundation Partnerzy projektu: T\u00fcrkiye&nbsp;&#8211; ODAK E\u011fitim K\u00fclt\u00fcr ve Ara\u015ft\u0131rma Derne\u011fi Slovakia &#8211;&nbsp;&nbsp;OZ Gulocka Game plan:&nbsp; 03.2026 Harmony: Mind and Body Events 07.2026 Active Life Health And Sports 09.2026 Different Bodies Common Emotions","og_url":"https:\/\/healthymindbodyfuture.eu\/","og_site_name":"Healthy Mind, Body &amp; Future","article_modified_time":"2026-04-19T19:41:10+00:00","og_image":[{"width":1080,"height":1350,"url":"https:\/\/healthymindbodyfuture.eu\/wp-content\/uploads\/2026\/04\/1.png","type":"image\/png"}],"twitter_card":"summary_large_image","twitter_misc":{"Szacowany czas czytania":"2 minuty"},"schema":{"@context":"https:\/\/schema.org","@graph":[{"@type":"WebPage","@id":"https:\/\/healthymindbodyfuture.eu\/","url":"https:\/\/healthymindbodyfuture.eu\/","name":"O Nas - Healthy Mind, Body &amp; Future","isPartOf":{"@id":"https:\/\/healthymindbodyfuture.eu\/#website"},"primaryImageOfPage":{"@id":"https:\/\/healthymindbodyfuture.eu\/#primaryimage"},"image":{"@id":"https:\/\/healthymindbodyfuture.eu\/#primaryimage"},"thumbnailUrl":"https:\/\/healthymindbodyfuture.eu\/wp-content\/uploads\/2026\/04\/1-819x1024.png","datePublished":"2025-12-24T05:57:34+00:00","dateModified":"2026-04-19T19:41:10+00:00","breadcrumb":{"@id":"https:\/\/healthymindbodyfuture.eu\/#breadcrumb"},"inLanguage":"pl-PL","potentialAction":[{"@type":"ReadAction","target":["https:\/\/healthymindbodyfuture.eu\/"]}]},{"@type":"ImageObject","inLanguage":"pl-PL","@id":"https:\/\/healthymindbodyfuture.eu\/#primaryimage","url":"https:\/\/healthymindbodyfuture.eu\/wp-content\/uploads\/2026\/04\/1.png","contentUrl":"https:\/\/healthymindbodyfuture.eu\/wp-content\/uploads\/2026\/04\/1.png","width":1080,"height":1350},{"@type":"BreadcrumbList","@id":"https:\/\/healthymindbodyfuture.eu\/#breadcrumb","itemListElement":[{"@type":"ListItem","position":1,"name":"Home","item":"https:\/\/healthymindbodyfuture.eu\/"},{"@type":"ListItem","position":2,"name":"O Nas"}]},{"@type":"WebSite","@id":"https:\/\/healthymindbodyfuture.eu\/#website","url":"https:\/\/healthymindbodyfuture.eu\/","name":"Healthy Mind, Body &amp; Future","description":"Healthy Mind Healthy Body Healthy Future","publisher":{"@id":"https:\/\/healthymindbodyfuture.eu\/#organization"},"potentialAction":[{"@type":"SearchAction","target":{"@type":"EntryPoint","urlTemplate":"https:\/\/healthymindbodyfuture.eu\/?s={search_term_string}"},"query-input":{"@type":"PropertyValueSpecification","valueRequired":true,"valueName":"search_term_string"}}],"inLanguage":"pl-PL"},{"@type":"Organization","@id":"https:\/\/healthymindbodyfuture.eu\/#organization","name":"Healthy Mind, Body &amp; Future","url":"https:\/\/healthymindbodyfuture.eu\/","logo":{"@type":"ImageObject","inLanguage":"pl-PL","@id":"https:\/\/healthymindbodyfuture.eu\/#\/schema\/logo\/image\/","url":"https:\/\/healthymindbodyfuture.eu\/wp-content\/uploads\/2026\/04\/logo.png","contentUrl":"https:\/\/healthymindbodyfuture.eu\/wp-content\/uploads\/2026\/04\/logo.png","width":1223,"height":1223,"caption":"Healthy Mind, Body &amp; Future"},"image":{"@id":"https:\/\/healthymindbodyfuture.eu\/#\/schema\/logo\/image\/"}}]}},"jetpack_sharing_enabled":true,"_links":{"self":[{"href":"https:\/\/healthymindbodyfuture.eu\/wp-json\/wp\/v2\/pages\/2","targetHints":{"allow":["GET"]}}],"collection":[{"href":"https:\/\/healthymindbodyfuture.eu\/wp-json\/wp\/v2\/pages"}],"about":[{"href":"https:\/\/healthymindbodyfuture.eu\/wp-json\/wp\/v2\/types\/page"}],"author":[{"embeddable":true,"href":"https:\/\/healthymindbodyfuture.eu\/wp-json\/wp\/v2\/users\/1"}],"replies":[{"embeddable":true,"href":"https:\/\/healthymindbodyfuture.eu\/wp-json\/wp\/v2\/comments?post=2"}],"version-history":[{"count":6,"href":"https:\/\/healthymindbodyfuture.eu\/wp-json\/wp\/v2\/pages\/2\/revisions"}],"predecessor-version":[{"id":76,"href":"https:\/\/healthymindbodyfuture.eu\/wp-json\/wp\/v2\/pages\/2\/revisions\/76"}],"wp:attachment":[{"href":"https:\/\/healthymindbodyfuture.eu\/wp-json\/wp\/v2\/media?parent=2"}],"curies":[{"name":"wp","href":"https:\/\/api.w.org\/{rel}","templated":true}]}}